{"id":67,"date":"2019-01-30T19:49:01","date_gmt":"2019-01-30T18:49:01","guid":{"rendered":"http:\/\/localhost\/gys\/?page_id=67"},"modified":"2023-09-29T13:10:43","modified_gmt":"2023-09-29T11:10:43","slug":"forside_tc","status":"publish","type":"page","link":"https:\/\/gym-skemalaegger.dk\/","title":{"rendered":"FORSIDE"},"content":{"rendered":"\t\t<div data-elementor-type=\"post\" data-elementor-id=\"67\" class=\"elementor elementor-67\" data-elementor-settings=\"[]\">\n\t\t\t<div class=\"elementor-inner\">\n\t\t\t\t<div class=\"elementor-section-wrap\">\n\t\t\t\t\t\t\t<section data-id=\"593a6327\" class=\"elementor-element elementor-element-593a6327 animated zoomIn elementor-section-boxed elementor-section-height-default elementor-section-height-default elementor-invisible elementor-section elementor-top-section\" data-settings=\"{&quot;background_background&quot;:&quot;classic&quot;,&quot;shape_divider_bottom&quot;:&quot;curve&quot;,&quot;shape_divider_bottom_negative&quot;:&quot;yes&quot;,&quot;animation&quot;:&quot;zoomIn&quot;}\" data-element_type=\"section\">\n\t\t\t\t\t\t\t<div class=\"elementor-background-overlay\"><\/div>\n\t\t\t\t\t\t<div class=\"elementor-shape elementor-shape-bottom\" data-negative=\"true\">\n\t\t\t<svg xmlns=\"http:\/\/www.w3.org\/2000\/svg\" viewBox=\"0 0 1000 100\" preserveAspectRatio=\"none\">\n\t<path class=\"elementor-shape-fill\" d=\"M500,97C126.7,96.3,0.8,19.8,0,0v100l1000,0V1C1000,19.4,873.3,97.8,500,97z\"\/>\n<\/svg>\t\t<\/div>\n\t\t\t\t\t<div class=\"elementor-container elementor-column-gap-default\">\n\t\t\t\t<div class=\"elementor-row\">\n\t\t\t\t<div data-id=\"684f3526\" class=\"elementor-element elementor-element-684f3526 elementor-column elementor-col-100 elementor-top-column\" data-element_type=\"column\">\n\t\t\t<div class=\"elementor-column-wrap  elementor-element-populated\">\n\t\t\t\t\t<div class=\"elementor-widget-wrap\">\n\t\t\t\t<div data-id=\"1dabeefb\" class=\"elementor-element elementor-element-1dabeefb elementor-widget elementor-widget-heading\" data-element_type=\"heading.default\">\n\t\t\t\t<div class=\"elementor-widget-container\">\n\t\t\t<h2 class=\"elementor-heading-title elementor-size-default\">Gymnasieskolens Skemal\u00e6ggerforening<\/h2>\t\t<\/div>\n\t\t\t\t<\/div>\n\t\t\t\t<div data-id=\"7ed6d5ab\" class=\"elementor-element elementor-element-7ed6d5ab elementor-widget elementor-widget-text-editor\" data-element_type=\"text-editor.default\">\n\t\t\t\t<div class=\"elementor-widget-container\">\n\t\t\t\t\t<div class=\"elementor-text-editor elementor-clearfix\"><p>GYS<\/p><\/div>\n\t\t\t\t<\/div>\n\t\t\t\t<\/div>\n\t\t\t\t\t\t<\/div>\n\t\t\t<\/div>\n\t\t<\/div>\n\t\t\t\t\t\t<\/div>\n\t\t\t<\/div>\n\t\t<\/section>\n\t\t\t\t<section data-id=\"7f4ce4bd\" class=\"elementor-element elementor-element-7f4ce4bd animated fadeInUp elementor-section-boxed elementor-section-height-default elementor-section-height-default elementor-invisible elementor-section elementor-top-section\" data-settings=\"{&quot;animation&quot;:&quot;fadeInUp&quot;}\" data-element_type=\"section\">\n\t\t\t\t\t\t<div class=\"elementor-container elementor-column-gap-wide\">\n\t\t\t\t<div class=\"elementor-row\">\n\t\t\t\t<div data-id=\"3784e7bd\" class=\"elementor-element elementor-element-3784e7bd elementor-column elementor-col-33 elementor-top-column\" data-element_type=\"column\">\n\t\t\t<div class=\"elementor-column-wrap  elementor-element-populated\">\n\t\t\t\t\t<div class=\"elementor-widget-wrap\">\n\t\t\t\t<div data-id=\"2c4b1162\" class=\"elementor-element elementor-element-2c4b1162 animated fadeInUp elementor-view-default elementor-position-top elementor-vertical-align-top elementor-invisible elementor-widget elementor-widget-icon-box\" data-settings=\"{&quot;_animation&quot;:&quot;fadeInUp&quot;}\" data-element_type=\"icon-box.default\">\n\t\t\t\t<div class=\"elementor-widget-container\">\n\t\t\t\t\t<div class=\"elementor-icon-box-wrapper\">\n\t\t\t\t\t<div class=\"elementor-icon-box-icon\">\n\t\t\t\t<a class=\"elementor-icon elementor-animation-\" href=\"http:\/\/gym-skemalaegger.dk\/?page_id=69\">\n\t\t\t\t<i class=\"fa fa-university\" aria-hidden=\"true\"><\/i>\n\t\t\t\t<\/a>\n\t\t\t<\/div>\n\t\t\t\t\t\t<div class=\"elementor-icon-box-content\">\n\t\t\t\t<h3 class=\"elementor-icon-box-title\">\n\t\t\t\t\t<a href=\"http:\/\/gym-skemalaegger.dk\/?page_id=69\">Kurser<\/a>\n\t\t\t\t<\/h3>\n\t\t\t\t<p class=\"elementor-icon-box-description\">Se og tilmeld fremtidige kurser<\/p>\n\t\t\t<\/div>\n\t\t<\/div>\n\t\t\t\t<\/div>\n\t\t\t\t<\/div>\n\t\t\t\t\t\t<\/div>\n\t\t\t<\/div>\n\t\t<\/div>\n\t\t\t\t<div data-id=\"3c820871\" class=\"elementor-element elementor-element-3c820871 elementor-column elementor-col-33 elementor-top-column\" data-element_type=\"column\">\n\t\t\t<div class=\"elementor-column-wrap  elementor-element-populated\">\n\t\t\t\t\t<div class=\"elementor-widget-wrap\">\n\t\t\t\t<div data-id=\"108a5f42\" class=\"elementor-element elementor-element-108a5f42 animated fadeInUp elementor-view-default elementor-position-top elementor-vertical-align-top elementor-invisible elementor-widget elementor-widget-icon-box\" data-settings=\"{&quot;_animation&quot;:&quot;fadeInUp&quot;}\" data-element_type=\"icon-box.default\">\n\t\t\t\t<div class=\"elementor-widget-container\">\n\t\t\t\t\t<div class=\"elementor-icon-box-wrapper\">\n\t\t\t\t\t<div class=\"elementor-icon-box-icon\">\n\t\t\t\t<a class=\"elementor-icon elementor-animation-\" href=\"http:\/\/gym-skemalaegger.dk\/?page_id=5\">\n\t\t\t\t<i class=\"fa fa-handshake-o\" aria-hidden=\"true\"><\/i>\n\t\t\t\t<\/a>\n\t\t\t<\/div>\n\t\t\t\t\t\t<div class=\"elementor-icon-box-content\">\n\t\t\t\t<h3 class=\"elementor-icon-box-title\">\n\t\t\t\t\t<a href=\"http:\/\/gym-skemalaegger.dk\/?page_id=5\">Medlemskab<\/a>\n\t\t\t\t<\/h3>\n\t\t\t\t<p class=\"elementor-icon-box-description\">Bliv medlem af skemal\u00e6ggerforeningen<\/p>\n\t\t\t<\/div>\n\t\t<\/div>\n\t\t\t\t<\/div>\n\t\t\t\t<\/div>\n\t\t\t\t\t\t<\/div>\n\t\t\t<\/div>\n\t\t<\/div>\n\t\t\t\t<div data-id=\"31389beb\" class=\"elementor-element elementor-element-31389beb elementor-column elementor-col-33 elementor-top-column\" data-element_type=\"column\">\n\t\t\t<div class=\"elementor-column-wrap  elementor-element-populated\">\n\t\t\t\t\t<div class=\"elementor-widget-wrap\">\n\t\t\t\t<div data-id=\"55d2056b\" class=\"elementor-element elementor-element-55d2056b animated fadeInUp elementor-view-default elementor-position-top elementor-vertical-align-top elementor-invisible elementor-widget elementor-widget-icon-box\" data-settings=\"{&quot;_animation&quot;:&quot;fadeInUp&quot;}\" data-element_type=\"icon-box.default\">\n\t\t\t\t<div class=\"elementor-widget-container\">\n\t\t\t\t\t<div class=\"elementor-icon-box-wrapper\">\n\t\t\t\t\t<div class=\"elementor-icon-box-icon\">\n\t\t\t\t<a class=\"elementor-icon elementor-animation-\" href=\"http:\/\/gym-skemalaegger.dk\/?page_id=37\">\n\t\t\t\t<i class=\"fa fa-wrench\" aria-hidden=\"true\"><\/i>\n\t\t\t\t<\/a>\n\t\t\t<\/div>\n\t\t\t\t\t\t<div class=\"elementor-icon-box-content\">\n\t\t\t\t<h3 class=\"elementor-icon-box-title\">\n\t\t\t\t\t<a href=\"http:\/\/gym-skemalaegger.dk\/?page_id=37\">Skemal\u00e6gger<\/a>\n\t\t\t\t<\/h3>\n\t\t\t\t<p class=\"elementor-icon-box-description\">Hvad vil det sige at v\u00e6re skemal\u00e6gger?<\/p>\n\t\t\t<\/div>\n\t\t<\/div>\n\t\t\t\t<\/div>\n\t\t\t\t<\/div>\n\t\t\t\t\t\t<\/div>\n\t\t\t<\/div>\n\t\t<\/div>\n\t\t\t\t\t\t<\/div>\n\t\t\t<\/div>\n\t\t<\/section>\n\t\t\t\t<section data-id=\"6f27434\" class=\"elementor-element elementor-element-6f27434 elementor-section-boxed elementor-section-height-default elementor-section-height-default elementor-section elementor-top-section\" data-element_type=\"section\">\n\t\t\t\t\t\t<div class=\"elementor-container elementor-column-gap-default\">\n\t\t\t\t<div class=\"elementor-row\">\n\t\t\t\t<div data-id=\"c41e667\" class=\"elementor-element elementor-element-c41e667 elementor-column elementor-col-100 elementor-top-column\" data-element_type=\"column\">\n\t\t\t<div class=\"elementor-column-wrap  elementor-element-populated\">\n\t\t\t\t\t<div class=\"elementor-widget-wrap\">\n\t\t\t\t<div data-id=\"18e5a76\" class=\"elementor-element elementor-element-18e5a76 elementor-widget elementor-widget-text-editor\" data-element_type=\"text-editor.default\">\n\t\t\t\t<div class=\"elementor-widget-container\">\n\t\t\t\t\t<div class=\"elementor-text-editor elementor-clearfix\"><h1><strong>LIDT OM OS<\/strong><\/h1><p>Gymnasieskolernes skemal\u00e6ggerforening hedder GYS og er en forening for alle der l\u00e6gger skema indenfor gymnasieskoleuddanelserne STX, HF, HTX og HHX.<\/p><p>De fleste skemal\u00e6ggere bruger i dag enten Lectio eller T-plan, men der findes ogs\u00e5 andre skemal\u00e6gningsprogrammer som Tabulex, Untis og Xedule.<\/p><\/div>\n\t\t\t\t<\/div>\n\t\t\t\t<\/div>\n\t\t\t\t\t\t<\/div>\n\t\t\t<\/div>\n\t\t<\/div>\n\t\t\t\t\t\t<\/div>\n\t\t\t<\/div>\n\t\t<\/section>\n\t\t\t\t\t\t<\/div>\n\t\t\t<\/div>\n\t\t<\/div>\n\t\t","protected":false},"excerpt":{"rendered":"<p>Gymnasieskolens Skemal\u00e6ggerforening GYS &nbsp; Kurser Se og tilmeld fremtidige kurser&#8230;. &nbsp; Medlemskab Bliv medlem af skemal\u00e6ggerforeningen &nbsp; Skemal\u00e6gger Hvad vil det sige at v\u00e6re skemal\u00e6gger? LIDT OM OS Gymnasieskolernes skemal\u00e6ggerforening hedder GYS og er en forening for alle der l\u00e6gger skema indenfor gymnasieskoleuddanelserne STX, HF, HTX og HHX. De fleste [&hellip;]<\/p>\n","protected":false},"author":1,"featured_media":156,"parent":0,"menu_order":0,"comment_status":"closed","ping_status":"closed","template":"page-templates\/template-pagebuilder-full-width.php","meta":{"footnotes":""},"class_list":["post-67","page","type-page","status-publish","has-post-thumbnail","hentry"],"_links":{"self":[{"href":"https:\/\/gym-skemalaegger.dk\/index.php?rest_route=\/wp\/v2\/pages\/67","targetHints":{"allow":["GET"]}}],"collection":[{"href":"https:\/\/gym-skemalaegger.dk\/index.php?rest_route=\/wp\/v2\/pages"}],"about":[{"href":"https:\/\/gym-skemalaegger.dk\/index.php?rest_route=\/wp\/v2\/types\/page"}],"author":[{"embeddable":true,"href":"https:\/\/gym-skemalaegger.dk\/index.php?rest_route=\/wp\/v2\/users\/1"}],"replies":[{"embeddable":true,"href":"https:\/\/gym-skemalaegger.dk\/index.php?rest_route=%2Fwp%2Fv2%2Fcomments&post=67"}],"version-history":[{"count":32,"href":"https:\/\/gym-skemalaegger.dk\/index.php?rest_route=\/wp\/v2\/pages\/67\/revisions"}],"predecessor-version":[{"id":298,"href":"https:\/\/gym-skemalaegger.dk\/index.php?rest_route=\/wp\/v2\/pages\/67\/revisions\/298"}],"wp:featuredmedia":[{"embeddable":true,"href":"https:\/\/gym-skemalaegger.dk\/index.php?rest_route=\/"}],"wp:attachment":[{"href":"https:\/\/gym-skemalaegger.dk\/index.php?rest_route=%2Fwp%2Fv2%2Fmedia&parent=67"}],"curies":[{"name":"wp","href":"https:\/\/api.w.org\/{rel}","templated":true}]}}